{"id":68,"date":"2011-01-29T22:50:52","date_gmt":"2011-01-29T21:50:52","guid":{"rendered":"http:\/\/sound-of-joy.com\/wordpress\/?page_id=68"},"modified":"2015-01-13T18:37:53","modified_gmt":"2015-01-13T17:37:53","slug":"japan-1992","status":"publish","type":"page","link":"https:\/\/sound-of-joy.com\/?page_id=68","title":{"rendered":"Japan 1992"},"content":{"rendered":"<p style=\"text-align: justify;\"><img loading=\"lazy\" decoding=\"async\" class=\"size-full wp-image-99 alignright\" title=\"japan6\" src=\"http:\/\/sound-of-joy.com\/wordpress\/wp-content\/uploads\/japan6.jpg\" alt=\"\" width=\"300\" height=\"150\" \/>Im Jahr 1992 wurde f\u00fcr den Jugendchor der Traum wohl jeder Laienmusikgruppe wahr. Durch den Erfolg der erstmals 1990 aufgef\u00fchrten Gospelmesse und weiterer Konzertaktivit\u00e4ten wurde das Komitee des allj\u00e4hrlich in Kumamoto\/Japan stattfindenden Internationalen Jugendmusik-Festivals auf die S\u00e4nger aufmerksam. Nachdem eigens aus Japan angereiste Sachverst\u00e4ndige die Musiker bei der Probenarbeit begutachtet hatten, durften Kantor Karl Schmidt im darauffolgenden Herbst eine Einladung nach Ostasien entgegennehmen. Dem Abschiedskonzert in der Stadtkirche folgte Ende Juli der Start zu einer unvergesslichen zweiw\u00f6chigen Konzerttournee, bei der allen Teilnehmern schon kurz nach der Ankunft vor allem eines klar wurde: In diesem Land wird man eher als Gast denn als Tourist behandelt. Von Frankfurt aus hatte die Reise die 56 Teilnehmer zun\u00e4chst nach S\u00fcdkorea, in die Olympiastadt Seoul gef\u00fchrt. Eine Stadtrundfahrt durch die 11-Millionen-Metropole bot Gelegenheit zur ersten Kontaktaufnahme mit fern\u00f6stlicher Kultur, bevor man sich schlie\u00dflich auf den Flug nach Japan machte.<br \/>\nZiel war Kyushu, die drittgr\u00f6\u00dfte der vier Hauptinseln Japans. Sie ist zugleich die s\u00fcdlichste der vier Hauptinseln und hat trotz eines kurzen Winters <a href=\"http:\/\/sound-of-joy.com\/?attachment_id=97\" rel=\"attachment wp-att-97\"><img loading=\"lazy\" decoding=\"async\" class=\"alignleft size-full wp-image-97\" title=\"japan4\" src=\"http:\/\/sound-of-joy.com\/wordpress\/wp-content\/uploads\/japan4.jpg\" alt=\"\" width=\"300\" height=\"150\" \/><\/a>einen subtropischen, an manchen Stellen sogar tropischen Charakter.<br \/>\nDie erste Station der Reise war Kumamoto. Die Hauptstadt der gleichnamigen Pr\u00e4fektur, liegt in einem weiten, von hohen Bergen eingeschlossenen Talkessel. Dieser l\u00e4sst im Sommer ein f\u00fcr Mitteleurop\u00e4er schwer zu ertragendes Treibhausklima entstehen.<br \/>\nDer Aufenthalt in dieser Stadt hielt f\u00fcr die Hersbrucker Gruppe einige musikalische H\u00f6hepunkte der Reise bereit. Einer dieser H\u00f6hepunkte war die Teilnahme an der Auftaktveranstaltung des Internationalen Jugendmusik-Festivals. Der Chor konnte hier mit anderen Teilnehmern aus Japan, England, Finnland, Kanada und den USA musizierten. Ein Standkonzert in der Fu\u00dfg\u00e4ngerzone von Kumamoto, sowie sechs weitere Auff\u00fchrungen in stets gut besuchten Konzerts\u00e4len zeigten, dass sich die intensive Probenarbeit der vergangenen Monate gelohnt hatte. Hersbruck auch auf der anderen Seite der Erde durch einen sch\u00f6nen Klang bekannt zu machen, gelang mit einem Repertoire aus Volks- und Kunstliedern, christlicher Musik und Evergreens. Mit dieser breitgef\u00e4cherten Mischung konnte der Jugendchor das japanische Publikum schnell f\u00fcr sich gewinnen. Vor allem die Bl\u00e4ser-Gruppe verhalfen dem Chor schlie\u00dflich mit z\u00fcnftigen Kl\u00e4ngen, wie dem ,,Zillertaler Hochzeitsmarsch&#8220;, zu einem gro\u00dfen Bekanntheitsgrad. Von den Hersbruckern animiert, fanden die <a href=\"http:\/\/sound-of-joy.com\/?attachment_id=94\" rel=\"attachment wp-att-94\"><img loading=\"lazy\" decoding=\"async\" class=\"alignright size-full wp-image-94\" title=\"japan1\" src=\"http:\/\/sound-of-joy.com\/wordpress\/wp-content\/uploads\/japan1.jpg\" alt=\"\" width=\"300\" height=\"150\" \/><\/a>lernfreudigen Japaner schon bald sichtlichen Spa\u00df am Polka- und Walzertanzen.<br \/>\nDas wohl spektakul\u00e4rste Konzertereignis, das auf der Aspecta, der gr\u00f6\u00dften Freilichtb\u00fchne der Welt, hatte stattfinden sollen, fiel aber leider buchst\u00e4blich ins Wasser. Ein das Land durchwirbelnder Taifun fesselte den Chor den ganzen Tag aus Sicherheitsgr\u00fcnden an ihre Unterkunft. Die Unterbringung der Chormitglieder in Gastfamilien verlieh dieser Reise einen ganz besonderen Reiz und brachte allen Teilnehmer den Lebensstil und vor allem die, f\u00fcr Europ\u00e4er so fremden, Essgewohnheiten der Gastgeber noch n\u00e4her. Gekochter Reis, der die Grundlage der japanischen Ern\u00e4hrung bildet, war wohl noch f\u00fcr alle Teilnehmer vertraut aus der heimischen K\u00fcche. Doch Spezialit\u00e4ten wie Sushi, die aus ges\u00e4uertem, kalten Reis gefertigten Happen, die mit Seetang umwickelt werden oder Delikatessen, wie roher Fisch, den man vor dem Verzehr in Sojaso\u00dfe und zerriebenen Meerrettich tunkt, waren wohl f\u00fcr alle neu und ungewohnt.<br \/>\n<a href=\"http:\/\/sound-of-joy.com\/?attachment_id=95\" rel=\"attachment wp-att-95\"><img loading=\"lazy\" decoding=\"async\" class=\"alignleft size-full wp-image-95\" title=\"japan2\" src=\"http:\/\/sound-of-joy.com\/wordpress\/wp-content\/uploads\/japan2.jpg\" alt=\"\" width=\"300\" height=\"150\" \/><\/a>Bei den Getr\u00e4nken kamen sich dann Gastgeber und G\u00e4ste aber wohl wieder n\u00e4her. Obwohl der Reiswein Sake bei den Japanern als das Nationalgetr\u00e4nk gilt, ist Bier mit Abstand am popul\u00e4rsten.<br \/>\nDie beiden weiteren Ziele der Reise waren Yatsuhiro, etwa 100 km s\u00fcdlich von Kumamoto gelegen und die l\u00e4ndliche Region um das vulkanische Aso-Gebirge. Der Unterschied zwischen der reichen Industrie- und Hafenstadt Yatsuhiro mit ihren 100.000 Einwohnern und dem idyllischen Gebirge um den Vulkan Aso h\u00e4tte kaum gr\u00f6\u00dfer sein k\u00f6nnen Der Aso hat den gr\u00f6\u00dften Krater der Welt mit 128 km Umfang und besitzt auch heute noch aktive Vulkankegel. Aber nicht nur f\u00fcr den Chor war dieser Teil der Reise besonders beeindruckend, auch f\u00fcr die Menschen in dieser Region war der Besuch der Hersbrucker ein au\u00dfergew\u00f6hnliches Ereignis. Hatten doch manche von ihnen noch nie zuvor Europ\u00e4er gesehen.<br \/>\nSo war diese Reise wohl nicht nur f\u00fcr den Chor, dank der perfekten Organisation der Gastgeber und Karl Schmidt, ein unvergessliches Ereignis.<\/p>\n","protected":false},"excerpt":{"rendered":"<p>Im Jahr 1992 wurde f\u00fcr den Jugendchor der Traum wohl jeder Laienmusikgruppe wahr. Durch den Erfolg der erstmals 1990 aufgef\u00fchrten Gospelmesse und weiterer Konzertaktivit\u00e4ten wurde das Komitee des allj\u00e4hrlich in Kumamoto\/Japan stattfindenden Internationalen Jugendmusik-Festivals auf die S\u00e4nger aufmerksam. Nachdem eigens aus Japan angereiste Sachverst\u00e4ndige die Musiker bei der Probenarbeit begutachtet hatten, durften Kantor Karl Schmidt &hellip; <\/p>\n<p><a class=\"more-link btn\" href=\"https:\/\/sound-of-joy.com\/?page_id=68\">Weiterlesen<\/a><\/p>\n","protected":false},"author":1,"featured_media":0,"parent":28,"menu_order":99,"comment_status":"closed","ping_status":"open","template":"","meta":{"ngg_post_thumbnail":0,"footnotes":""},"class_list":["post-68","page","type-page","status-publish","hentry","nodate","item-wrap"],"_links":{"self":[{"href":"https:\/\/sound-of-joy.com\/index.php?rest_route=\/wp\/v2\/pages\/68","targetHints":{"allow":["GET"]}}],"collection":[{"href":"https:\/\/sound-of-joy.com\/index.php?rest_route=\/wp\/v2\/pages"}],"about":[{"href":"https:\/\/sound-of-joy.com\/index.php?rest_route=\/wp\/v2\/types\/page"}],"author":[{"embeddable":true,"href":"https:\/\/sound-of-joy.com\/index.php?rest_route=\/wp\/v2\/users\/1"}],"replies":[{"embeddable":true,"href":"https:\/\/sound-of-joy.com\/index.php?rest_route=%2Fwp%2Fv2%2Fcomments&post=68"}],"version-history":[{"count":13,"href":"https:\/\/sound-of-joy.com\/index.php?rest_route=\/wp\/v2\/pages\/68\/revisions"}],"predecessor-version":[{"id":1003,"href":"https:\/\/sound-of-joy.com\/index.php?rest_route=\/wp\/v2\/pages\/68\/revisions\/1003"}],"up":[{"embeddable":true,"href":"https:\/\/sound-of-joy.com\/index.php?rest_route=\/wp\/v2\/pages\/28"}],"wp:attachment":[{"href":"https:\/\/sound-of-joy.com\/index.php?rest_route=%2Fwp%2Fv2%2Fmedia&parent=68"}],"curies":[{"name":"wp","href":"https:\/\/api.w.org\/{rel}","templated":true}]}}