{"id":39,"date":"2011-01-29T21:07:16","date_gmt":"2011-01-29T20:07:16","guid":{"rendered":"http:\/\/sound-of-joy.com\/wordpress\/?page_id=39"},"modified":"2011-06-19T11:44:13","modified_gmt":"2011-06-19T10:44:13","slug":"sing-to-the-lord","status":"publish","type":"page","link":"https:\/\/sound-of-joy.com\/?page_id=39","title":{"rendered":"sing to the lord (1992)"},"content":{"rendered":"<p>Diese CD entstand 1992, in Vorbereitung auf die erste gro\u00dfe Konzertreise des Gospelchores nach Japan. Auf dieser CD befinden sich neben deutschen und englischen Liedern aus dem Konzertprogramm auch vier Teile der insgesamt acht St\u00fccke umfassenden &#8222;Missa Parvolorum Dei&#8220; von Ralf Gr\u00f6ssler. Als Solistin hierf\u00fcr wurde Joann Bell verpflichtet.<\/p>\n<ol>\n<a rel=\"attachment wp-att-170\" href=\"http:\/\/sound-of-joy.com\/?attachment_id=170\"><img loading=\"lazy\" decoding=\"async\" class=\"alignright size-full wp-image-170\" title=\"sing to the lord\" src=\"http:\/\/sound-of-joy.com\/wordpress\/wp-content\/uploads\/sing.jpg\" alt=\"'sing to the lord'\" width=\"250\" height=\"250\" srcset=\"https:\/\/sound-of-joy.com\/wordpress\/wp-content\/uploads\/sing.jpg 250w, https:\/\/sound-of-joy.com\/wordpress\/wp-content\/uploads\/sing-150x150.jpg 150w\" sizes=\"auto, (max-width: 250px) 100vw, 250px\" \/><\/a><\/p>\n<li>Sing to the lord a new song<\/li>\n<li>Lift up your eyes<\/li>\n<li>Lord, listen to your children praying<\/li>\n<li>Sing for joy<\/li>\n<li>Hallelujah drive<\/li>\n<li>Good news<\/li>\n<li>Lord, i want to be a christian<\/li>\n<li>Gavotte<\/li>\n<li>Herr, dein Erbarmen ist gro\u00df<\/li>\n<li>Frei<\/li>\n<li>Freut euch, Jesus lebt<\/li>\n<li>Es gibt noch Hoffnung<\/li>\n<li>Geh unter der Gnade<\/li>\n<li>Es ist vollbracht<\/li>\n<p>Gospelmesse &#8222;Missa Parvolorum Dei&#8220; (Ausz\u00fcge) f\u00fcr Solo, Chor und Orchester<\/p>\n<li>Psalm<\/li>\n<li>Credo<\/li>\n<li>Gospeltrain<\/li>\n<li>Agnus Dei<\/li>\n<li>Finale<\/li>\n<\/ol>\n","protected":false},"excerpt":{"rendered":"<p>Diese CD entstand 1992, in Vorbereitung auf die erste gro\u00dfe Konzertreise des Gospelchores nach Japan. Auf dieser CD befinden sich neben deutschen und englischen Liedern aus dem Konzertprogramm auch vier Teile der insgesamt acht St\u00fccke umfassenden &#8222;Missa Parvolorum Dei&#8220; von Ralf Gr\u00f6ssler. Als Solistin hierf\u00fcr wurde Joann Bell verpflichtet. Sing to the lord a new &hellip; <\/p>\n<p><a class=\"more-link btn\" href=\"https:\/\/sound-of-joy.com\/?page_id=39\">Weiterlesen<\/a><\/p>\n","protected":false},"author":1,"featured_media":0,"parent":15,"menu_order":5,"comment_status":"closed","ping_status":"closed","template":"","meta":{"ngg_post_thumbnail":0,"footnotes":""},"class_list":["post-39","page","type-page","status-publish","hentry","nodate","item-wrap"],"_links":{"self":[{"href":"https:\/\/sound-of-joy.com\/index.php?rest_route=\/wp\/v2\/pages\/39","targetHints":{"allow":["GET"]}}],"collection":[{"href":"https:\/\/sound-of-joy.com\/index.php?rest_route=\/wp\/v2\/pages"}],"about":[{"href":"https:\/\/sound-of-joy.com\/index.php?rest_route=\/wp\/v2\/types\/page"}],"author":[{"embeddable":true,"href":"https:\/\/sound-of-joy.com\/index.php?rest_route=\/wp\/v2\/users\/1"}],"replies":[{"embeddable":true,"href":"https:\/\/sound-of-joy.com\/index.php?rest_route=%2Fwp%2Fv2%2Fcomments&post=39"}],"version-history":[{"count":9,"href":"https:\/\/sound-of-joy.com\/index.php?rest_route=\/wp\/v2\/pages\/39\/revisions"}],"predecessor-version":[{"id":387,"href":"https:\/\/sound-of-joy.com\/index.php?rest_route=\/wp\/v2\/pages\/39\/revisions\/387"}],"up":[{"embeddable":true,"href":"https:\/\/sound-of-joy.com\/index.php?rest_route=\/wp\/v2\/pages\/15"}],"wp:attachment":[{"href":"https:\/\/sound-of-joy.com\/index.php?rest_route=%2Fwp%2Fv2%2Fmedia&parent=39"}],"curies":[{"name":"wp","href":"https:\/\/api.w.org\/{rel}","templated":true}]}}