{"id":136,"date":"2011-02-01T21:31:29","date_gmt":"2011-02-01T20:31:29","guid":{"rendered":"http:\/\/sound-of-joy.com\/wordpress\/?page_id=136"},"modified":"2012-12-13T17:27:52","modified_gmt":"2012-12-13T16:27:52","slug":"polen-baltikum-2010","status":"publish","type":"page","link":"https:\/\/sound-of-joy.com\/?page_id=136","title":{"rendered":"Polen \/ Baltikum 2010"},"content":{"rendered":"<p>Zum Ende der Sommerferien fuhr der Gospelchor zu einer Konzertreise nach Polen und ins Baltikum. Auf dem Programm standen neun Konzerte und zwei Gottesdienste. Erste Station der Reise war Polen. Der Bezirk Mittelfranken unterh\u00e4lt eine Partnerschaft mit der Woiwodschaft Pommern (Bezirk). So unterst\u00fctze der Bezirk Mittelfranken den Aufenthalt des Chores vor Ort, um die Beziehungen weiter zu vertiefen. Die ersten beiden Tage standen ganz im Zeichen der Musik. Erster H\u00f6hepunkt war die Teilnahme am internationalen Gospelfestival in Osiek mit einem Konzert in Grudziadz und in Osiek selbst \u2013 ungewohnt f\u00fcr den Chor war der Open-Air-Auftritt auf der professionellen Riesenb\u00fchne in Osiek. Etwa 5.000 Besucher lauschten hier der Gospel-Musik von Ch\u00f6ren und Gruppen aus aller Welt.<\/p>\n<p>Einer ehrenvollen Einladung kam der Chor am n\u00e4chsten Tag nach: ein Auftritt bei den Deutschen Kulturtagen in Danzig stand an. Nach Begr\u00fc\u00dfungsworten des deutschen Generalkonsuls Joachim Bleicker pr\u00e4sentierte \u201eSound of Joy\u201c neben seinem geistlichen und weltlichen Repertoire auch traditionelle Volkslieder aus Franken. Die Ausgestaltung eines Gottesdienstes und eines Konzerts am Abend in der katholischen Kirche St. Brigida (Kirche der Solidarnosc-Gewerkschaft) bildeten den Abschluss der ersten beiden Tage.<\/p>\n<p><a href=\"http:\/\/sound-of-joy.com\/?attachment_id=619\" rel=\"attachment wp-att-619\"><img loading=\"lazy\" decoding=\"async\" class=\"aligncenter size-large wp-image-619\" alt=\"Krantor Danzig\" src=\"http:\/\/sound-of-joy.com\/wordpress\/wp-content\/uploads\/IMG_5613-1024x682.jpg\" width=\"590\" height=\"392\" srcset=\"https:\/\/sound-of-joy.com\/wordpress\/wp-content\/uploads\/IMG_5613-1024x682.jpg 1024w, https:\/\/sound-of-joy.com\/wordpress\/wp-content\/uploads\/IMG_5613-300x200.jpg 300w\" sizes=\"auto, (max-width: 590px) 100vw, 590px\" \/><\/a><\/p>\n<p>F\u00fcr den herzlichen Empfang in den R\u00e4umen der Bezirksregierung von Pommern am folgenden Tag revanchierte sich der Gospelchor mit einem spontanen St\u00e4ndchen bei der Direktorin f\u00fcr internationale Zusammenarbeit, Krystyna Wroblewska. Mit einer erlebnisreichen F\u00fchrung durch die Altstadt von Danzig brachte die Woiwodschaft Pommern die Gemeinsamkeiten der deutsch-polnischen Vergangenheit den S\u00e4ngern n\u00e4her. Von ganz besonderer Bedeutung war jedoch die Begegnung mit dem Gospelchor Harfa aus Kwidzyn. Die Leiterin des Chores, Anna Glogowska, hatte ein buntes Programm zusammengestellt.<\/p>\n<p>W\u00e4hrend der Stadtbesichtigung entstanden zwischen den S\u00e4ngern beider Ch\u00f6re ein herzlicher Austausch und neue Freundschaften. Kr\u00f6nender Abschluss des Tages war ein gemeinsames Konzert mit anschlie\u00dfendem Grillen. Zum Dank f\u00fcr das gelungene Treffen lud KMD Karl Schmidt den Harfa Chor zum Gegenbesuch nach Hersbruck ein. \u201eIch bin froh, dass uns der Bezirk Mittelfranken diese pers\u00f6nliche Begegnung erm\u00f6glicht hat, denn nur wenn wir Freundschaften schlie\u00dfen, k\u00f6nnen wir mit unseren Nachbarn die Weichen f\u00fcr eine gemeinsame Zukunft stellen\u201c, findet Schmidt.<\/p>\n<p>Die n\u00e4chste Station der Reise war Litauen. Der Gospelchor folgte einer Einladung des litauischen Kirchenchor- und Kirchenmusikerverbands. Der Kontakt entstand durch Laura Matuzaite, die im Rahmen ihres Kirchenmusik-Studiums in Bayreuth 2002 ein Praktikum bei Karl Schmidt absolvierte. Der Aufenthalt war von Laura und ihrem Mann Mindaugas perfekt vorbereitet. Auf allen Stationen wurde der Chor herzlich empfangen und von ehrenamtlichen Kr\u00e4ften in der Gemeinde Jurbarkas umsorgt.<\/p>\n<p>Konzerte gestaltete \u201eSound of Joy\u201c in Nida auf der Kurischen Nehrung und in Willkischken im Rahmen des dortigen \u201eInternationalen Orgelfestivals\u201c. Ein besonderes Erlebnis stellte die Ausgestaltung des Konfirmationsgottesdienstes in der kleinen Gemeinde Skirsnemune dar \u2013 hier war vor allem Spontanit\u00e4t bei der musikalischen Ausgestaltung gefragt.<\/p>\n<p>Weitere Einblicke bot das Konzert f\u00fcr die Kinder eines Waisenhauses in Zakiae, die dem Chor gespannt lauschten. Auch kulturell wartete Litauen mit vielen Sehensw\u00fcrdigkeiten auf. Neben den St\u00e4dten Kaunas, Klaipeda und Jurbarkas beeindruckte besonders der Berg der Kreuze bei Kryzu [Siauliai]. Landschaftlich war vor allem die Kurische Nehrung als UNESCO Weltkulturerbe mit Europas gr\u00f6\u00dfter Wanderd\u00fcne absoluter H\u00f6hepunkt der Reise.<\/p>\n<p>Die dritte Station der Reise f\u00fchrte Sound of Joy auf Einladung des Leo Clubs Valmiera nach Lettland, der auch die Organisation vor Ort unterst\u00fctzte. Dort gab der Chor ein gefeiertes Benefizkonzert in der Konzerthalle des Kulturzentrums. Das Publikum reiste sogar aus der lettischen Hauptstadt Riga an. Mit den Einnahmen erm\u00f6glichte der Chor die Anschaffung von B\u00fcchern und Schulmaterial f\u00fcr zehn Schulkinder von bed\u00fcrftigen Familien. Die Metropole Riga begeisterte als UNESCO Weltkulturerbe ihre Besucher.<\/p>\n<p>Als vorletztes Ziel der Reise machte der Chor Station in Tallinn, der Hauptstadt Estlands. Die mittelalterliche Stadt verf\u00fchrt ihre G\u00e4ste mit verwinkelten Gassen, Gildeh\u00e4usern und Kirchen aller christlichen Religionen. Den Abschluss der Reise bildeten nach der \u00dcberfahrt \u00fcber den Finnischen Meerbusen eine kurze Stadtrundfahrt in der finnischen Hauptstadt Helsinki und die erholsame eint\u00e4gige R\u00fcckfahrt mit der F\u00e4hre auf der recht st\u00fcrmischen Ostsee von Helsinki nach Travem\u00fcnde.<\/p>\n","protected":false},"excerpt":{"rendered":"<p>Zum Ende der Sommerferien fuhr der Gospelchor zu einer Konzertreise nach Polen und ins Baltikum. Auf dem Programm standen neun Konzerte und zwei Gottesdienste. Erste Station der Reise war Polen. Der Bezirk Mittelfranken unterh\u00e4lt eine Partnerschaft mit der Woiwodschaft Pommern (Bezirk). So unterst\u00fctze der Bezirk Mittelfranken den Aufenthalt des Chores vor Ort, um die Beziehungen &hellip; <\/p>\n<p><a class=\"more-link btn\" href=\"https:\/\/sound-of-joy.com\/?page_id=136\">Weiterlesen<\/a><\/p>\n","protected":false},"author":1,"featured_media":0,"parent":28,"menu_order":88,"comment_status":"closed","ping_status":"closed","template":"","meta":{"ngg_post_thumbnail":0,"footnotes":""},"class_list":["post-136","page","type-page","status-publish","hentry","nodate","item-wrap"],"_links":{"self":[{"href":"https:\/\/sound-of-joy.com\/index.php?rest_route=\/wp\/v2\/pages\/136","targetHints":{"allow":["GET"]}}],"collection":[{"href":"https:\/\/sound-of-joy.com\/index.php?rest_route=\/wp\/v2\/pages"}],"about":[{"href":"https:\/\/sound-of-joy.com\/index.php?rest_route=\/wp\/v2\/types\/page"}],"author":[{"embeddable":true,"href":"https:\/\/sound-of-joy.com\/index.php?rest_route=\/wp\/v2\/users\/1"}],"replies":[{"embeddable":true,"href":"https:\/\/sound-of-joy.com\/index.php?rest_route=%2Fwp%2Fv2%2Fcomments&post=136"}],"version-history":[{"count":7,"href":"https:\/\/sound-of-joy.com\/index.php?rest_route=\/wp\/v2\/pages\/136\/revisions"}],"predecessor-version":[{"id":579,"href":"https:\/\/sound-of-joy.com\/index.php?rest_route=\/wp\/v2\/pages\/136\/revisions\/579"}],"up":[{"embeddable":true,"href":"https:\/\/sound-of-joy.com\/index.php?rest_route=\/wp\/v2\/pages\/28"}],"wp:attachment":[{"href":"https:\/\/sound-of-joy.com\/index.php?rest_route=%2Fwp%2Fv2%2Fmedia&parent=136"}],"curies":[{"name":"wp","href":"https:\/\/api.w.org\/{rel}","templated":true}]}}