{"id":1296,"date":"2017-10-24T18:05:02","date_gmt":"2017-10-24T17:05:02","guid":{"rendered":"http:\/\/sound-of-joy.com\/?page_id=1296"},"modified":"2017-10-24T18:05:02","modified_gmt":"2017-10-24T17:05:02","slug":"osterreichsteiermark-2017","status":"publish","type":"page","link":"https:\/\/sound-of-joy.com\/?page_id=1296","title":{"rendered":"\u00d6sterreich\/Steiermark 2017"},"content":{"rendered":"<blockquote>\n<div>\n<h1><strong>Sound of Joy meets Steiermark<\/strong><\/h1>\n<\/div>\n<\/blockquote>\n<div>\n<div>\n<div>\n<p>Bereits zum zweiten Mal nach 2003 war der Hersbrucker Gospelchor \u201eSound of Joy\u201c in Voitsberg&nbsp;zu&nbsp;Gast. Die rund 50 S\u00e4nger und S\u00e4ngerinnen um Kirchenmusikdirektor Karl Schmidt, die \u00fcber&nbsp;ein&nbsp;verl\u00e4ngertes Wochenende in die Steiermark gereist waren, genossen in diesen Tagen ein von&nbsp;Stadtrat Franz Sachernegg, perfekt organisiertes Programm. Neben den musikalischen Auftritten,&nbsp;zum Beispiel im Bezirks-Pflege- und Seniorenheim Voitsberg, stand so auch ein mit viel Witz&nbsp;gef\u00fchrter Rundgang durch die Altstadt der ehemaligen europ\u00e4ischen Kulturhauptstadt Graz sowie&nbsp;ein&nbsp;Besuch im Bergbaumuseum Rosental am Karl-Schacht auf dem Plan. Der Braunkohleabbau&nbsp;hatte&nbsp;die gesamte Region lange entscheidend gepr\u00e4gt, dies konnte eindrucksvoll anhand von&nbsp;Fotodokumentationen, originalen Maschinen und vielen anschaulichen Geschichten&nbsp;nachvollzogen&nbsp;werden.<\/p>\n<p>Dass Gastfreundschaft hier gro\u00dfgeschrieben wird erlebte der Chor an der&nbsp;anschlie\u00dfenden&nbsp;Einladung zur deftigen Bergmannsjause. Auch sonst kamen die kulinarischen&nbsp;Einblicke in die Region,&nbsp;zum Beispiel bei einem Besuch im Buschenschank Zweiger oder beim&nbsp;Backhendlessen in der&nbsp;Nachbargemeinde Maria Lankowitz, nicht zu kurz. Wieder abtrainiert&nbsp;werden konnten diese&nbsp;Leckereien gleich am n\u00e4chsten Tag bei der Besteigung des Rappoldkogel&nbsp;oder dem Sprung in den&nbsp;Badesee Piberstein, der auf dem Areal eines ehemaligen&nbsp;Braunkohletagebaus angelegt wurde.<\/p>\n<\/div>\n<\/div>\n<\/div>\n<blockquote>\n<div>\n<p><span style=\"font-size: 16px;\"><\/span><\/p>\n<\/div>\n<\/blockquote>\n<div><a href=\"http:\/\/sound-of-joy.com\/wordpress\/wp-content\/uploads\/SOJ2017_Steirmark_Voitsberg.jpg\"><img loading=\"lazy\" decoding=\"async\" class=\"aligncenter wp-image-1300\" src=\"http:\/\/sound-of-joy.com\/wordpress\/wp-content\/uploads\/SOJ2017_Steirmark_Voitsberg-300x196.jpg\" alt=\"\" width=\"500\" height=\"327\" srcset=\"https:\/\/sound-of-joy.com\/wordpress\/wp-content\/uploads\/SOJ2017_Steirmark_Voitsberg-300x196.jpg 300w, https:\/\/sound-of-joy.com\/wordpress\/wp-content\/uploads\/SOJ2017_Steirmark_Voitsberg-768x502.jpg 768w, https:\/\/sound-of-joy.com\/wordpress\/wp-content\/uploads\/SOJ2017_Steirmark_Voitsberg.jpg 1000w\" sizes=\"auto, (max-width: 500px) 100vw, 500px\" \/><\/a><\/div>\n<div style=\"text-align: center;\">Ausblick von der Burgruine Obervoitsberg auf Voitsberg<\/div>\n<div>&nbsp;<\/div>\n<div>\nDer H\u00f6hepunkt der Fahrt war das gemeinsam mit der Werkskapelle Bauer gestaltete Konzert auf&nbsp;der&nbsp;Burgruine Obervoitsberg. Zusammen mit dem 45 Musiker z\u00e4hlenden Blasorchester, das an&nbsp;diesem&nbsp;Termin seine neue CD pr\u00e4sentierte, durften die Hersbrucker die Burg zum Klingen&nbsp;bringen. In&nbsp;malerischer Kulisse bot der Chor ein buntes Programm aus aktuellen geistlichen und&nbsp;weltlichen&nbsp;Liedern, sowie einigen beliebten Oldies, dar.&nbsp;<br \/>\nDen gelungenen Abschluss dieser Reise bildete die musikalische Ausgestaltung der Heiligen&nbsp;Messe&nbsp;in der Voitsberger Josefskirche. W\u00e4hrend der anschlie\u00dfenden Begegnung lobte Kaplan&nbsp;Adrian&nbsp;nochmals die \u201ehimmlischen Kl\u00e4nge\u201c des Chores und verabschiedete die G\u00e4ste aus&nbsp;Hersbruck mit der&nbsp;Einladung jederzeit gerne wieder in seinen Gottesdiensten singen zu d\u00fcrfen.&nbsp;<br \/>\n\u00dcbereinstimmend mit seinem Chor, zog Kantor Schmidt auch nach dieser Reise wieder das Fazit:&nbsp;\u201eDas Sch\u00f6nste und Eindr\u00fccklichste solcher Fahrten sind und bleiben die Begegnungen mit den&nbsp;Menschen vor Ort\u201c.<\/div>\n<p><span style=\"color: #1f1a22; font-family: inherit; font-size: 14px; font-weight: bold;\">(Text: Martina L\u00f6hner)<\/span><\/p>\n<p><a href=\"http:\/\/sound-of-joy.com\/wordpress\/wp-content\/uploads\/SOJ2017_Steiermark_AT.jpg\"><img loading=\"lazy\" decoding=\"async\" class=\"aligncenter wp-image-1297\" src=\"http:\/\/sound-of-joy.com\/wordpress\/wp-content\/uploads\/SOJ2017_Steiermark_AT-300x225.jpg\" alt=\"\" width=\"600\" height=\"450\" srcset=\"https:\/\/sound-of-joy.com\/wordpress\/wp-content\/uploads\/SOJ2017_Steiermark_AT-300x225.jpg 300w, https:\/\/sound-of-joy.com\/wordpress\/wp-content\/uploads\/SOJ2017_Steiermark_AT-768x576.jpg 768w, https:\/\/sound-of-joy.com\/wordpress\/wp-content\/uploads\/SOJ2017_Steiermark_AT.jpg 1000w\" sizes=\"auto, (max-width: 600px) 100vw, 600px\" \/><\/a><\/p>\n<div>\n<p style=\"text-align: center;\">KMD Karl Schmidt in der Mitte des&nbsp;Chores und Kaplan Adrian sowie unserem Hauptorganisator Franz Sachernegg (rechte Seite, von links nach&nbsp;rechts)<\/p>\n<\/div>\n","protected":false},"excerpt":{"rendered":"<p>Sound of Joy meets Steiermark Bereits zum zweiten Mal nach 2003 war der Hersbrucker Gospelchor \u201eSound of Joy\u201c in Voitsberg&nbsp;zu&nbsp;Gast. Die rund 50 S\u00e4nger und S\u00e4ngerinnen um Kirchenmusikdirektor Karl Schmidt, die \u00fcber&nbsp;ein&nbsp;verl\u00e4ngertes Wochenende in die Steiermark gereist waren, genossen in diesen Tagen ein von&nbsp;Stadtrat Franz Sachernegg, perfekt organisiertes Programm. Neben den musikalischen Auftritten,&nbsp;zum Beispiel im &hellip; <\/p>\n<p><a class=\"more-link btn\" href=\"https:\/\/sound-of-joy.com\/?page_id=1296\">Weiterlesen<\/a><\/p>\n","protected":false},"author":5,"featured_media":0,"parent":28,"menu_order":84,"comment_status":"closed","ping_status":"closed","template":"","meta":{"ngg_post_thumbnail":0,"footnotes":""},"class_list":["post-1296","page","type-page","status-publish","hentry","nodate","item-wrap"],"_links":{"self":[{"href":"https:\/\/sound-of-joy.com\/index.php?rest_route=\/wp\/v2\/pages\/1296","targetHints":{"allow":["GET"]}}],"collection":[{"href":"https:\/\/sound-of-joy.com\/index.php?rest_route=\/wp\/v2\/pages"}],"about":[{"href":"https:\/\/sound-of-joy.com\/index.php?rest_route=\/wp\/v2\/types\/page"}],"author":[{"embeddable":true,"href":"https:\/\/sound-of-joy.com\/index.php?rest_route=\/wp\/v2\/users\/5"}],"replies":[{"embeddable":true,"href":"https:\/\/sound-of-joy.com\/index.php?rest_route=%2Fwp%2Fv2%2Fcomments&post=1296"}],"version-history":[{"count":6,"href":"https:\/\/sound-of-joy.com\/index.php?rest_route=\/wp\/v2\/pages\/1296\/revisions"}],"predecessor-version":[{"id":1304,"href":"https:\/\/sound-of-joy.com\/index.php?rest_route=\/wp\/v2\/pages\/1296\/revisions\/1304"}],"up":[{"embeddable":true,"href":"https:\/\/sound-of-joy.com\/index.php?rest_route=\/wp\/v2\/pages\/28"}],"wp:attachment":[{"href":"https:\/\/sound-of-joy.com\/index.php?rest_route=%2Fwp%2Fv2%2Fmedia&parent=1296"}],"curies":[{"name":"wp","href":"https:\/\/api.w.org\/{rel}","templated":true}]}}