{"id":124,"date":"2011-02-01T21:28:07","date_gmt":"2011-02-01T20:28:07","guid":{"rendered":"http:\/\/sound-of-joy.com\/wordpress\/?page_id=124"},"modified":"2012-02-12T13:05:57","modified_gmt":"2012-02-12T12:05:57","slug":"usa-2000","status":"publish","type":"page","link":"https:\/\/sound-of-joy.com\/?page_id=124","title":{"rendered":"USA 2000"},"content":{"rendered":"<p><a rel=\"attachment wp-att-155\" href=\"http:\/\/sound-of-joy.com\/?attachment_id=155\"><img loading=\"lazy\" decoding=\"async\" class=\"size-full wp-image-155 alignright\" title=\"usa2\" src=\"http:\/\/sound-of-joy.com\/wordpress\/wp-content\/uploads\/usa2.jpg\" alt=\"\" width=\"300\" height=\"150\" \/><\/a>Nach 12 Stunden Flugzeit wurden 82 Hersbrucker Musiker von einem Empfangskomitee unter der Leitung von Loni Williams am Flughafen von San Francisco begr\u00fc\u00dft. Trotz der M\u00fcdigkeit und des einsetzenden Jetlags \u2013 Zeitverschiebung betr\u00e4gt neun Stunden \u2013 waren die Chormitglieder gespannt auf eine andere Kultur, neue Menschen und den ber\u00fchmten \u201eAmerican Way of Life\u201c. Zwei Busse warteten auf Reisende und Gep\u00e4ck, um die deutschen Besucher ins Gemeindehaus der Beth Eden Baptist Church in Oakland, einem Vorort von San Francisco, zu bringen.<br \/>\nDort begr\u00fc\u00dften die Gemeindemitglieder den \u201eSound of Joy\u201c mit einem warmen Buffet auf einer feierlich gedeckten Tafel. Spontan bedankte sich der Chor mit einem A-Capella Song bei den K\u00f6chinnen.<br \/>\nIm Anschluss wurden die Chormitglieder auf Gastfamilien verteilt. Schnell wurde klar, dass bei den amerikanischen Freunden nicht unbedingt europ\u00e4ische Regeln gelten, was die Organisation anbelangt.<br \/>\nDie meisten S\u00e4ngerInnen durften die erste Woche der Reise in sehr gastfreundlichen und sympathischen Familien verbringen. Leider war es der Gemeinde nicht gegl\u00fcckt, gen\u00fcgend \u201eHosts\u201c f\u00fcr den gro\u00dfen Chor zu finden, so dass ein Teil des Chores in einem Hotel \u00fcbernachtete.<a rel=\"attachment wp-att-156\" href=\"http:\/\/sound-of-joy.com\/?attachment_id=156\"><img loading=\"lazy\" decoding=\"async\" class=\"alignleft size-full wp-image-156\" title=\"usa3\" src=\"http:\/\/sound-of-joy.com\/wordpress\/wp-content\/uploads\/usa3.jpg\" alt=\"\" width=\"300\" height=\"150\" \/><\/a><br \/>\nDer n\u00e4chste Tag diente vor allem dem gegenseitigen Kennen lernen, sowie einer ersten Stadterkundung. Abends fanden sich S\u00e4nger und Bl\u00e4ser f\u00fcr ein erstes Konzert in der Twin Tower Methodist Church in Alameda ein. Im Heimatland des Gospels kamen auch Hersbrucker T\u00f6ne gut an. Gleich beim ersten Lied riss der Chor das Publikum mit der Aufforderung \u201estand up, clap your hands\u201c aus den Kirchenb\u00e4nken. Die Gemeinde hatte nach dem Konzert einen kleinen Empfang vorbereitet, bei dem die Chormitglieder typische amerikanische Spezialit\u00e4ten kosteten, die auch f\u00fcr die n\u00e4chsten zwei Wochen den Speiseplan dominierten: belegte Sandwiches, s\u00fc\u00dfe Muffins und Cookies mit Schokoladengeschmack.<br \/>\nAuf dem weiteren Programm standen dann das \u201eSea Life Aquarium\u201c in Monterrey und die Fahrt entlang des \u201e17-Miles-Drive\u201c.<br \/>\nFrischer Wind blies auch bei der \u201eCable Car\u201c &#8211; Fahrt am n\u00e4chsten Morgen in San Francisco. Die Stadt steht auf einer H\u00fcgelkette, so dass auch das alte, eigens f\u00fcr den Chor angemietete Cable Car st\u00e4ndig bergauf und bergab fuhr. Die Besichtigung der zweitgr\u00f6\u00dften H\u00e4ngebr\u00fccke der Welt, der \u201eGolden Gate Bridge\u201c, war ein besonderes Highlight f\u00fcr den Chor, der es sich nicht nehmen lies, die Br\u00fccke zu Fu\u00df zu \u00fcberqueren.<br \/>\nDer darauffolgende \u201eFamily Day\u201c stand ganz im Zeichen der Gastfamilie, an dem jede Familie ein eigenes Programm hatte und somit die Kontakte noch vertieft werden konnten.<br \/>\nAm Samstag widmeten sich die S\u00e4ngerInnen ganz dem Lob Gottes durch Gospels und Spirituals. In der Beth Eden Church hatten sich zum Workshop nicht nur die Mitglieder des \u201eSound of Joy\u201c <a rel=\"attachment wp-att-157\" href=\"http:\/\/sound-of-joy.com\/?attachment_id=157\"><img loading=\"lazy\" decoding=\"async\" class=\"size-full wp-image-157 alignright\" title=\"usa4\" src=\"http:\/\/sound-of-joy.com\/wordpress\/wp-content\/uploads\/usa4.jpg\" alt=\"\" width=\"300\" height=\"150\" \/><\/a>eingefunden, sondern auch etliche S\u00e4ngerInnen aus umliegenden Gemeinden. Loni Wiilliams leitete den Workshop mit viel Durchsetzungsverm\u00f6gen und F\u00fchrungsst\u00e4rke und konzentrierte sich dabei auf zum Teil fetzige Gospellieder mit deutschen und amerikanischen Solisten.<br \/>\nChorleiter Bill Bell studierte mit den S\u00e4ngerInnen drei A-Capella Spirituals ein, die durch die Akustik der gro\u00dfen Kirchen einen sinnlichen Eindruck hinterlie\u00dfen.<br \/>\nDie Anstrengungen hatten sich gelohnt: vor einem begeisterten Publikum boten der Chor und die Bl\u00e4ser am Abend ein zweist\u00fcndiges Programm, das von einem lokalen Fernsehsender live \u00fcbertragen wurde. Im Anschluss an das mehr als gelungene Konzert bedankte sich KMD Karl Schmidt bei der zu Tr\u00e4nen ger\u00fchrten Loni Williams f\u00fcr die Einladung nach Amerika.<br \/>\nAm Sonntag gestalteten die Hersbrucker gleich zwei Gottesdienste mit aus. Eine in der Downs Memorial Methodist Church sehr temperamentvoll vorgetragene Predi<a rel=\"attachment wp-att-154\" href=\"http:\/\/sound-of-joy.com\/?attachment_id=154\"><img loading=\"lazy\" decoding=\"async\" class=\"alignleft size-full wp-image-154\" title=\"usa1\" src=\"http:\/\/sound-of-joy.com\/wordpress\/wp-content\/uploads\/usa1.jpg\" alt=\"\" width=\"300\" height=\"150\" \/><\/a>gt, zu der sich die Gl\u00e4ubigen selbst w\u00e4hrend des Vortrags \u00e4u\u00dferten, mit lautstarken Bekundungen der Zustimmung \u201eAMEN\u201c und des Lobpreises \u201eHALLELUJA\u201c, was f\u00fcr den deutschen Chor bisher unbekannt war. Auch der \u00fcber zweist\u00fcndige Gottesdienst in der Beth Eden Church war neu. Die Chormitglieder feierten gemeinsam mit den Gastgebern das Abendmahl. Am Abend sang der \u201eSound of Joy\u201c wieder sein eigenes Programm, diesmal in der Taylor Memorial Methodist Church.<br \/>\nIm Anschluss an diese arbeitsreiche Woche, verlebte der Chor noch ein paar sch\u00f6ne Tage beim Sightseeing in Las Vegas, am Grand Canyon und in Los Angeles. Das dort geplante Abschlusskonzert wurde zum gro\u00dfen Bedauern des Chores von der amerikanischen Kirchengemeinde aus organisatorischen Gr\u00fcnden abgesagt. Zusammenfassend l\u00e4sst sich sagen: F\u00fcr die amerikanischen Gastgeber brachte die Begegnung mit den Europ\u00e4ern Gelegenheit Freundschaften zu kn\u00fcpfen &#8211; f\u00fcr den Gospelchor neben der Freundschaft auch noch wertvolle Erfahrungen, wie amerikanischer Gospel im Ursprungsland interpretiert wird.<\/p>\n","protected":false},"excerpt":{"rendered":"<p>Nach 12 Stunden Flugzeit wurden 82 Hersbrucker Musiker von einem Empfangskomitee unter der Leitung von Loni Williams am Flughafen von San Francisco begr\u00fc\u00dft. Trotz der M\u00fcdigkeit und des einsetzenden Jetlags \u2013 Zeitverschiebung betr\u00e4gt neun Stunden \u2013 waren die Chormitglieder gespannt auf eine andere Kultur, neue Menschen und den ber\u00fchmten \u201eAmerican Way of Life\u201c. Zwei Busse &hellip; <\/p>\n<p><a class=\"more-link btn\" href=\"https:\/\/sound-of-joy.com\/?page_id=124\">Weiterlesen<\/a><\/p>\n","protected":false},"author":1,"featured_media":0,"parent":28,"menu_order":94,"comment_status":"closed","ping_status":"closed","template":"","meta":{"ngg_post_thumbnail":0,"footnotes":""},"class_list":["post-124","page","type-page","status-publish","hentry","nodate","item-wrap"],"_links":{"self":[{"href":"https:\/\/sound-of-joy.com\/index.php?rest_route=\/wp\/v2\/pages\/124","targetHints":{"allow":["GET"]}}],"collection":[{"href":"https:\/\/sound-of-joy.com\/index.php?rest_route=\/wp\/v2\/pages"}],"about":[{"href":"https:\/\/sound-of-joy.com\/index.php?rest_route=\/wp\/v2\/types\/page"}],"author":[{"embeddable":true,"href":"https:\/\/sound-of-joy.com\/index.php?rest_route=\/wp\/v2\/users\/1"}],"replies":[{"embeddable":true,"href":"https:\/\/sound-of-joy.com\/index.php?rest_route=%2Fwp%2Fv2%2Fcomments&post=124"}],"version-history":[{"count":12,"href":"https:\/\/sound-of-joy.com\/index.php?rest_route=\/wp\/v2\/pages\/124\/revisions"}],"predecessor-version":[{"id":489,"href":"https:\/\/sound-of-joy.com\/index.php?rest_route=\/wp\/v2\/pages\/124\/revisions\/489"}],"up":[{"embeddable":true,"href":"https:\/\/sound-of-joy.com\/index.php?rest_route=\/wp\/v2\/pages\/28"}],"wp:attachment":[{"href":"https:\/\/sound-of-joy.com\/index.php?rest_route=%2Fwp%2Fv2%2Fmedia&parent=124"}],"curies":[{"name":"wp","href":"https:\/\/api.w.org\/{rel}","templated":true}]}}