{"id":48,"date":"2011-01-29T21:12:32","date_gmt":"2011-01-29T20:12:32","guid":{"rendered":"http:\/\/sound-of-joy.com\/wordpress\/?page_id=48"},"modified":"2011-06-19T11:45:02","modified_gmt":"2011-06-19T10:45:02","slug":"heaven-earth-2006","status":"publish","type":"page","link":"http:\/\/sound-of-joy.com\/?page_id=48","title":{"rendered":"heaven + earth (2006)"},"content":{"rendered":"<p>heaven + earth ist aus Anlass des 25j\u00e4hrigen Bestehens im Mai 2006 in drei Sessions z.T. bis sp\u00e4t in die Nacht entstanden ist. Wir finden, die M\u00fche hat sich gelohnt!<br \/>\nSelber neugierig geworden? Dann hilft nur eins: KAUFEN!<\/p>\n<ol> <a rel=\"attachment wp-att-166\" href=\"http:\/\/sound-of-joy.com\/?attachment_id=166\"><img loading=\"lazy\" decoding=\"async\" class=\"alignright size-full wp-image-166\" title=\"heaven\" src=\"http:\/\/sound-of-joy.com\/wordpress\/wp-content\/uploads\/heaven.jpg\" alt=\"'heaven and earth'\" width=\"250\" height=\"250\" srcset=\"http:\/\/sound-of-joy.com\/wordpress\/wp-content\/uploads\/heaven.jpg 250w, http:\/\/sound-of-joy.com\/wordpress\/wp-content\/uploads\/heaven-150x150.jpg 150w\" sizes=\"auto, (max-width: 250px) 100vw, 250px\" \/><\/a>&nbsp;<\/p>\n<li>The Lord just keeps on blessing me<\/li>\n<li>Healer in the House<\/li>\n<li>My Lord what a mornin&#8216;<\/li>\n<li>Groovin&#8216; March<\/li>\n<li>On the cross of Calvary<\/li>\n<li>My soul waits in silence<\/li>\n<li>Listen to the lambs<\/li>\n<li>Sanctus<\/li>\n<li>Dirait-on<\/li>\n<li>Walking down that glory road<\/li>\n<li>Too many gods will spoil the garden<\/li>\n<li>Didn\u00b4t my lord deliver Daniel<\/li>\n<li>Hevenu shalom alejchem<\/li>\n<li>We believe<\/li>\n<li>God be with you<\/li>\n<\/ol>\n","protected":false},"excerpt":{"rendered":"<p>heaven + earth ist aus Anlass des 25j\u00e4hrigen Bestehens im Mai 2006 in drei Sessions z.T. bis sp\u00e4t in die Nacht entstanden ist. Wir finden, die M\u00fche hat sich gelohnt! Selber neugierig geworden? Dann hilft nur eins: KAUFEN! &nbsp; The Lord just keeps on blessing me Healer in the House My Lord what a mornin&#8216; &hellip; <\/p>\n<p><a class=\"more-link btn\" href=\"http:\/\/sound-of-joy.com\/?page_id=48\">Weiterlesen<\/a><\/p>\n","protected":false},"author":1,"featured_media":0,"parent":15,"menu_order":1,"comment_status":"closed","ping_status":"closed","template":"","meta":{"ngg_post_thumbnail":0,"footnotes":""},"class_list":["post-48","page","type-page","status-publish","hentry","nodate","item-wrap"],"_links":{"self":[{"href":"http:\/\/sound-of-joy.com\/index.php?rest_route=\/wp\/v2\/pages\/48","targetHints":{"allow":["GET"]}}],"collection":[{"href":"http:\/\/sound-of-joy.com\/index.php?rest_route=\/wp\/v2\/pages"}],"about":[{"href":"http:\/\/sound-of-joy.com\/index.php?rest_route=\/wp\/v2\/types\/page"}],"author":[{"embeddable":true,"href":"http:\/\/sound-of-joy.com\/index.php?rest_route=\/wp\/v2\/users\/1"}],"replies":[{"embeddable":true,"href":"http:\/\/sound-of-joy.com\/index.php?rest_route=%2Fwp%2Fv2%2Fcomments&post=48"}],"version-history":[{"count":11,"href":"http:\/\/sound-of-joy.com\/index.php?rest_route=\/wp\/v2\/pages\/48\/revisions"}],"predecessor-version":[{"id":819,"href":"http:\/\/sound-of-joy.com\/index.php?rest_route=\/wp\/v2\/pages\/48\/revisions\/819"}],"up":[{"embeddable":true,"href":"http:\/\/sound-of-joy.com\/index.php?rest_route=\/wp\/v2\/pages\/15"}],"wp:attachment":[{"href":"http:\/\/sound-of-joy.com\/index.php?rest_route=%2Fwp%2Fv2%2Fmedia&parent=48"}],"curies":[{"name":"wp","href":"https:\/\/api.w.org\/{rel}","templated":true}]}}