{"id":438,"date":"2012-02-01T15:38:32","date_gmt":"2012-02-01T14:38:32","guid":{"rendered":"http:\/\/sound-of-joy.com\/?page_id=438"},"modified":"2012-02-03T18:26:28","modified_gmt":"2012-02-03T17:26:28","slug":"438-2","status":"publish","type":"page","link":"http:\/\/sound-of-joy.com\/?page_id=438","title":{"rendered":"Musik l\u00e4sst Mauern wanken"},"content":{"rendered":"<p><strong><\/strong><a rel=\"attachment wp-att-439\" href=\"http:\/\/sound-of-joy.com\/?attachment_id=439\"><img loading=\"lazy\" decoding=\"async\" class=\"alignleft size-medium wp-image-439\" title=\"Sound of Joy Bild2012\" src=\"http:\/\/sound-of-joy.com\/wordpress\/wp-content\/uploads\/Sound-of-Joy-Bild2012-300x225.jpg\" alt=\"\" width=\"300\" height=\"225\" srcset=\"http:\/\/sound-of-joy.com\/wordpress\/wp-content\/uploads\/Sound-of-Joy-Bild2012-300x225.jpg 300w, http:\/\/sound-of-joy.com\/wordpress\/wp-content\/uploads\/Sound-of-Joy-Bild2012-1024x768.jpg 1024w\" sizes=\"auto, (max-width: 300px) 100vw, 300px\" \/><\/a>HERSBRUCK &#8211; Was nur bewegt eine solche Menge an Besuchern, bei wirklich scheu\u00dflichem Sturm- und Regenwetter die Stadtkirche bis auf den letzten Stehplatz zu besetzen, um geistlichen Ges\u00e4ngen zu lauschen? Das Jahreskonzert des Gospelchors \u201eSound of Joy\u201c ist stets ein Garant f\u00fcr ein gut gef\u00fclltes Gotteshaus. Sicherheitshalber sagte Kantor Karl Schmidt bereits den Termin f\u00fcr 2013 an. M\u00f6glicherweise trifft aber auch die Botschaft der Gospels, mit der die schwarzen Baumwollpfl\u00fccker vergangener Jahrhunderte ihre N\u00f6te und ihre Sehnsucht nach Beistand und Errettung in eindringliche und zugleich arbeitsf\u00f6rdernde Rhythmen packte, einen Nerv bei uns zivilisationsm\u00fcden, zweifelnden und gehetzten Wohlstandsmenschen. Die Suche nach einer Gewissheit ohne das Aussparen der dunklen Seiten des Lebens bewegt auch heute noch. Doch vor allem eint die mitrei\u00dfende Musik die Generationen im Kirchenraum. Dass die Ges\u00e4nge des Chores mit unfehlbarer Treffsicherheit und pr\u00e4ziser Intonation vorgetragen werden, braucht gar nicht mehr erw\u00e4hnt zu werden. Noch eindrucksvoller die Inbrunst und Singfreude, die dieser Chor so glaubhaft transportiert und die m\u00fchelos auf die Zuh\u00f6rer \u00fcberspringt. Beides macht ruhige Balladen von innigem Sehnen wie \u201eHome&#8220; ebenso ansprechend wie schwungvolle und leidenschaftliche Arrangements , die etwa \u201eHealer in the House&#8220; bietet. Kongeniale Unterst\u00fctzung bieten dabei eine Band und die Bl\u00e4ser, die den Songs noch einmal pointierte Glanzlichter aufsetzen . Komplex und vielstimmig Nur folgerichtig also, dass die 13-k\u00f6pfige Bl\u00e4sertruppe auch Gelegenheit f\u00fcr Einzeldarbietungen erh\u00e4lt. Mit viel Tempo und Humor beweist sie, dass \u201eVolks&#8220;-Musik, und sei sie auch amerikanischen Ursprungs, alles andere als langweilig sein muss. Teils klingen Tanzbodenelemente an, teils f\u00fchlt man sich in eine Zirkusarena versetzt, dann wieder erfreuen Dixiekl\u00e4nge das Ohr, komplex und vielstimmig und dabei in ganz l\u00e4ssigem Gewand. Ebenfalls ein Gl\u00fccksfall f\u00fcr den engagierten Chor, der 2012 zu einer Konzertreise nach Brasilien aufbrechen wird, sind die Solisten und Solistinnen aus den Reihen der S\u00e4nger, die ihre ganze Pers\u00f6nlichkeit in Stimme und Ausdruck einbringen , um den Gospels einen jeweils unverwechselbaren Charakter zu verleihen. Ihr Flehen und ihr Beteuern wird von den Chors\u00e4ngern aufgegriffen, wiederholt und gesteigert, bis die Botschaft wirklich angekommen ist. All diese Talente und all dieser Einsatz werden geb\u00fcndelt von einem Kirchenmusikdirektor, der so gar nicht gesetzt wirkt, sondern &#8211; ebenso wie seine Musikanten in Jeans und wei\u00dfem Hemd &#8211; mit vollem K\u00f6rpereinsatz nicht nur die vielschichtigen Darbietungen lenkt und sogar das gesamte Publikum zum traditionellen Mitsinglied animieren kann. Dabei l\u00e4sst Karl Schmidt nicht locker, bis auch die oberste Empore das \u201eOh\u201c im Text lautstark genug und punktgenau zu landen wei\u00df. Sp\u00e4testens bei den durch begeisterten Beifall eingeforderten Zugaben wird klar, dass die festgeschraubten Kirchenb\u00e4nke in einem solchen Konzert manchmal nur hinderlich sind . Bei \u201eJoshua fit the Battle of Jericho and the walls come tumblin`down&#8220; fallen die letzten \u201eMauern&#8220; tats\u00e4chlich und die Zuh\u00f6rer klatschen begeistert mit.<\/p>\n<p>Ute Scharrer \/ Hersbrucker Zeitung 25.01.2012<\/p>\n","protected":false},"excerpt":{"rendered":"<p>HERSBRUCK &#8211; Was nur bewegt eine solche Menge an Besuchern, bei wirklich scheu\u00dflichem Sturm- und Regenwetter die Stadtkirche bis auf den letzten Stehplatz zu besetzen, um geistlichen Ges\u00e4ngen zu lauschen? Das Jahreskonzert des Gospelchors \u201eSound of Joy\u201c ist stets ein Garant f\u00fcr ein gut gef\u00fclltes Gotteshaus. Sicherheitshalber sagte Kantor Karl Schmidt bereits den Termin f\u00fcr &hellip; <\/p>\n<p><a class=\"more-link btn\" href=\"http:\/\/sound-of-joy.com\/?page_id=438\">Weiterlesen<\/a><\/p>\n","protected":false},"author":5,"featured_media":0,"parent":436,"menu_order":0,"comment_status":"closed","ping_status":"open","template":"","meta":{"ngg_post_thumbnail":0,"footnotes":""},"class_list":["post-438","page","type-page","status-publish","hentry","nodate","item-wrap"],"_links":{"self":[{"href":"http:\/\/sound-of-joy.com\/index.php?rest_route=\/wp\/v2\/pages\/438","targetHints":{"allow":["GET"]}}],"collection":[{"href":"http:\/\/sound-of-joy.com\/index.php?rest_route=\/wp\/v2\/pages"}],"about":[{"href":"http:\/\/sound-of-joy.com\/index.php?rest_route=\/wp\/v2\/types\/page"}],"author":[{"embeddable":true,"href":"http:\/\/sound-of-joy.com\/index.php?rest_route=\/wp\/v2\/users\/5"}],"replies":[{"embeddable":true,"href":"http:\/\/sound-of-joy.com\/index.php?rest_route=%2Fwp%2Fv2%2Fcomments&post=438"}],"version-history":[{"count":6,"href":"http:\/\/sound-of-joy.com\/index.php?rest_route=\/wp\/v2\/pages\/438\/revisions"}],"predecessor-version":[{"id":441,"href":"http:\/\/sound-of-joy.com\/index.php?rest_route=\/wp\/v2\/pages\/438\/revisions\/441"}],"up":[{"embeddable":true,"href":"http:\/\/sound-of-joy.com\/index.php?rest_route=\/wp\/v2\/pages\/436"}],"wp:attachment":[{"href":"http:\/\/sound-of-joy.com\/index.php?rest_route=%2Fwp%2Fv2%2Fmedia&parent=438"}],"curies":[{"name":"wp","href":"https:\/\/api.w.org\/{rel}","templated":true}]}}