{"id":2,"date":"2011-01-29T20:31:57","date_gmt":"2011-01-29T19:31:57","guid":{"rendered":"http:\/\/sound-of-joy.com\/wordpress\/?page_id=2"},"modified":"2023-12-16T19:16:00","modified_gmt":"2023-12-16T18:16:00","slug":"about","status":"publish","type":"page","link":"http:\/\/sound-of-joy.com\/?page_id=2","title":{"rendered":"Wir \u00fcber uns"},"content":{"rendered":"<p><strong>Der Gospelchor der Selnecker-Kantorei Hersbruck<\/strong><\/p>\n<p style=\"text-align: justify;\">Der Gospelchor \u201eSound of Joy\u201c der Nikolaus-Selnecker-Kantorei aus Hersbruck, einer Kleinstadt 25 km \u00f6stlich von N\u00fcrnberg, wurde im Jahre 1981 von Dekanatskantor KMD Karl Schmidt gegr\u00fcndet und bis zu seinem Ruhestand 2018 stand Schmidt 38 Jahre an der Spitze des Chors. Von 01. Mai. 2018 bis August 2023 war Frau Heidi Brettschneider Chorleiterin. Seit Juli 2023 bekleidet Silke Kupper das Amt der Bezirkskantorin und ist somit auch die neue Chorleitung. Der Chor besteht zur Zeit aus etwa 65 Mitgliedern im Alter zwischen 14 &#8211; 60 Jahren.<\/p>\n<p style=\"text-align: justify;\">\u201eSound of Joy\u201c hat seit vielen Jahren einen guten Namen in der Gospelszene und \u00fcberzeugt immer wieder in seinen Konzerten durch ein anspruchsvolles und abwechslungsreiches Programm. Besonders die A-Cappella-St\u00fccke und die Solisten aus dem Chor begeistern immer wieder das Publikum. Schwungvolle Chormusik und Bl\u00e4sermusik&nbsp;ist in den&nbsp;Konzert zu h\u00f6ren, dass vom Gospelchor, Blechbl\u00e4sern und der Band gestaltet wird.<\/p>\n<p style=\"text-align: justify;\">Neben der Gestaltung von Konzerten, Gottesdiensten und Gospelmessen in der eigenen Gemeinde und im Dekanat Hersbruck hat der Chor in den letzten Jahren zahlreiche Konzerte bis weit \u00fcber die Grenzen Bayerns hinaus gegeben. Die erste Konzertreise f\u00fchrte den Chor 1992 nach Japan, in den folgenden Jahrzehnten wurde der Sound of Joy nicht nur in den verschiedensten L\u00e4ndern Europas verbreitet, sondern auch bis nach Australien, Kanada, USA und Brasilien. Das hohe musikalische Niveau und die Vielseitigkeit des Chores wurde seit 1989 immer wieder durch die Einspielung von insgesamt 7 CDs dokumentiert.<\/p>\n<p style=\"text-align: justify;\">Das Konzertrepertoire reicht von traditionellen Spirituals und Gospelsongs \u00fcber St\u00fccke des Modern Gospel bis zu balladenartigen Praise \u2013and-Worship-Songs, Bearbeitungen klassischer St\u00fccke und Medleys aus Musicals und Poporatorien.<\/p>\n<p style=\"text-align: justify;\">Der Chor wird bei seinen Konzerten von einer Band begleitet. In wechselnder Besetzung sind Klavier, Synthesizer, E-Gitarre, E-Bass, Schlagzeug und auch eine Brass-Section zu h\u00f6ren. Zwischen den St\u00fccken des Chores spielt ein Blechbl\u00e4ser-Ensemble, das sich aus Mitgliedern des Chores zusammensetzt, schwungvolle und swingende Arrangements. Diese St\u00fccke d\u00fcrften sicher das Interesse von Posaunenchorbl\u00e4sern finden.<\/p>\n<p style=\"text-align: justify;\">Wir hoffen Ihnen bei einem der n\u00e4chsten Konzerte die frohe Botschaft unserer Lieder n\u00e4her zubringen.<\/p>\n<p style=\"text-align: justify;\">Lassen Sie sich vom \u201cSOUND OF JOY\u201d anstecken!<\/p>\n","protected":false},"excerpt":{"rendered":"<p>Der Gospelchor der Selnecker-Kantorei Hersbruck Der Gospelchor \u201eSound of Joy\u201c der Nikolaus-Selnecker-Kantorei aus Hersbruck, einer Kleinstadt 25 km \u00f6stlich von N\u00fcrnberg, wurde im Jahre 1981 von Dekanatskantor KMD Karl Schmidt gegr\u00fcndet und bis zu seinem Ruhestand 2018 stand Schmidt 38 Jahre an der Spitze des Chors. Von 01. Mai. 2018 bis August 2023 war Frau &hellip; <\/p>\n<p><a class=\"more-link btn\" href=\"http:\/\/sound-of-joy.com\/?page_id=2\">Weiterlesen<\/a><\/p>\n","protected":false},"author":1,"featured_media":0,"parent":0,"menu_order":2,"comment_status":"closed","ping_status":"closed","template":"","meta":{"ngg_post_thumbnail":0,"footnotes":""},"class_list":["post-2","page","type-page","status-publish","hentry","nodate","item-wrap"],"_links":{"self":[{"href":"http:\/\/sound-of-joy.com\/index.php?rest_route=\/wp\/v2\/pages\/2","targetHints":{"allow":["GET"]}}],"collection":[{"href":"http:\/\/sound-of-joy.com\/index.php?rest_route=\/wp\/v2\/pages"}],"about":[{"href":"http:\/\/sound-of-joy.com\/index.php?rest_route=\/wp\/v2\/types\/page"}],"author":[{"embeddable":true,"href":"http:\/\/sound-of-joy.com\/index.php?rest_route=\/wp\/v2\/users\/1"}],"replies":[{"embeddable":true,"href":"http:\/\/sound-of-joy.com\/index.php?rest_route=%2Fwp%2Fv2%2Fcomments&post=2"}],"version-history":[{"count":26,"href":"http:\/\/sound-of-joy.com\/index.php?rest_route=\/wp\/v2\/pages\/2\/revisions"}],"predecessor-version":[{"id":1562,"href":"http:\/\/sound-of-joy.com\/index.php?rest_route=\/wp\/v2\/pages\/2\/revisions\/1562"}],"wp:attachment":[{"href":"http:\/\/sound-of-joy.com\/index.php?rest_route=%2Fwp%2Fv2%2Fmedia&parent=2"}],"curies":[{"name":"wp","href":"https:\/\/api.w.org\/{rel}","templated":true}]}}